{"id":832590,"date":"2025-12-12T09:42:59","date_gmt":"2025-12-12T08:42:59","guid":{"rendered":"https:\/\/preview-grande.x-tra.it\/prodotto\/base-bracciale-in-cotone-cerato-rosso-e-argento-925\/"},"modified":"2025-12-12T09:43:08","modified_gmt":"2025-12-12T08:43:08","slug":"bracciale-gioielli-dop-brdop001","status":"publish","type":"product","link":"https:\/\/preview-grande.x-tra.it\/en\/prodotto\/bracciale-gioielli-dop-brdop001\/","title":{"rendered":"BASE BRACCIALE IN COTONE CERATO ROSSO E ARGENTO 925"},"content":{"rendered":"<p>LA BASE BRACCIALE IN COTONE CERATO ROSSO RICHIAMA L\u2019AMORE, LA PASSIONE, I SENTIMENTI FORTI E I GUSTI DECISI. IL COLORE ROSSO \u00c8 PERFETTO PER CHI AMA FARSI NOTARE. SI ASSOCIA A VITALIT\u00c0 E AMBIZIONE, FIDUCIA IN S\u00c9 STESSI E CORAGGIO. ABBINALO AI CIONDOLI IN SOLO ARGENTO PER FARNE RISALTARE LA LUCENTEZZA OPPURE AI COLORI VIVACI DEGLI SMALTI. AGGIUNGI I CHARMS CHE PREFERISCI E COMPONI IL TUO BRACCIALE UNICO ED ESCLUSIVO.<br \/>\nGIOIELLI DOP \u00c8 AUTENTICA ESPRESSIONE DELLA CREATIVIT\u00c0 E DEL SAPER FARE ITALIANO. TUTTI I GIOIELLI SONO 100% MADE IN ITALY, REALIZZATI A MANO SECONDO TRADIZIONE ARTIGIANALE DA MAESTRI ORAFI TOSCANI.<\/p>\n","protected":false},"excerpt":{"rendered":"<p>LA BASE BRACCIALE IN COTONE CERATO ROSSO RICHIAMA L\u2019AMORE, LA PASSIONE, I SENTIMENTI FORTI E I GUSTI DECISI. IL COLORE ROSSO \u00c8 PERFETTO PER CHI AMA FARSI NOTARE. SI ASSOCIA A VITALIT\u00c0 E AMBIZIONE, FIDUCIA IN S\u00c9 STESSI E CORAGGIO. ABBINALO AI CIONDOLI IN SOLO ARGENTO PER FARNE RISALTARE LA LUCENTEZZA OPPURE AI COLORI VIVACI DEGLI SMALTI. AGGIUNGI I CHARMS CHE PREFERISCI E COMPONI IL TUO BRACCIALE UNICO ED ESCLUSIVO.<br \/>\nGIOIELLI DOP \u00c8 AUTENTICA ESPRESSIONE DELLA CREATIVIT\u00c0 E DEL SAPER FARE ITALIANO. TUTTI I GIOIELLI SONO 100% MADE IN ITALY, REALIZZATI A MANO SECONDO TRADIZIONE ARTIGIANALE DA MAESTRI ORAFI TOSCANI.<\/p>\n","protected":false},"featured_media":832589,"comment_status":"open","ping_status":"closed","template":"","meta":[],"product_brand":[],"product_cat":[3377],"product_tag":[],"class_list":{"0":"post-832590","1":"product","2":"type-product","3":"status-publish","4":"has-post-thumbnail","6":"brand-5162","7":"line-3868","8":"shops-3355","9":"shop_area-3356","11":"first","12":"instock","13":"shipping-taxable","14":"purchasable","15":"product-type-simple"},"yoast_head":"<!-- This site is optimized with the Yoast SEO plugin v25.3 - https:\/\/yoast.com\/wordpress\/plugins\/seo\/ -->\n<title>BASE BRACCIALE IN COTONE CERATO ROSSO E ARGENTO 925 - Gioielleria Grande<\/title>\n<meta name=\"robots\" content=\"noindex, follow, max-snippet:-1, max-image-preview:large, max-video-preview:-1\" \/>\n<meta property=\"og:locale\" content=\"en_US\" \/>\n<meta property=\"og:type\" content=\"article\" \/>\n<meta property=\"og:title\" content=\"BASE BRACCIALE IN COTONE CERATO ROSSO E ARGENTO 925 - Gioielleria Grande\" \/>\n<meta property=\"og:description\" content=\"LA BASE BRACCIALE IN COTONE CERATO ROSSO RICHIAMA L\u2019AMORE, LA PASSIONE, I SENTIMENTI FORTI E I GUSTI DECISI. IL COLORE ROSSO \u00c8 PERFETTO PER CHI AMA FARSI NOTARE. SI ASSOCIA A VITALIT\u00c0 E AMBIZIONE, FIDUCIA IN S\u00c9 STESSI E CORAGGIO. ABBINALO AI CIONDOLI IN SOLO ARGENTO PER FARNE RISALTARE LA LUCENTEZZA OPPURE AI COLORI VIVACI DEGLI SMALTI. AGGIUNGI I CHARMS CHE PREFERISCI E COMPONI IL TUO BRACCIALE UNICO ED ESCLUSIVO. GIOIELLI DOP \u00c8 AUTENTICA ESPRESSIONE DELLA CREATIVIT\u00c0 E DEL SAPER FARE ITALIANO. TUTTI I GIOIELLI SONO 100% MADE IN ITALY, REALIZZATI A MANO SECONDO TRADIZIONE ARTIGIANALE DA MAESTRI ORAFI TOSCANI.\" \/>\n<meta property=\"og:url\" content=\"https:\/\/preview-grande.x-tra.it\/prodotto\/bracciale-gioielli-dop-brdop001\/\" \/>\n<meta property=\"og:site_name\" content=\"Gioielleria Grande\" \/>\n<meta property=\"article:modified_time\" content=\"2025-12-12T08:43:08+00:00\" \/>\n<meta property=\"og:image\" content=\"https:\/\/preview-grande.x-tra.it\/wp-content\/uploads\/2025\/12\/d8ade502-d92f-4b84-92fd-33e074ca0245.jpg\" \/>\n\t<meta property=\"og:image:width\" content=\"770\" \/>\n\t<meta property=\"og:image:height\" content=\"433\" \/>\n\t<meta property=\"og:image:type\" content=\"image\/jpeg\" \/>\n<meta name=\"twitter:card\" content=\"summary_large_image\" \/>\n<script type=\"application\/ld+json\" class=\"yoast-schema-graph\">{\"@context\":\"https:\/\/schema.org\",\"@graph\":[{\"@type\":\"WebPage\",\"@id\":\"https:\/\/preview-grande.x-tra.it\/prodotto\/bracciale-gioielli-dop-brdop001\/\",\"url\":\"https:\/\/preview-grande.x-tra.it\/prodotto\/bracciale-gioielli-dop-brdop001\/\",\"name\":\"BASE BRACCIALE IN COTONE CERATO ROSSO E ARGENTO 925 - Gioielleria Grande\",\"isPartOf\":{\"@id\":\"https:\/\/preview-grande.x-tra.it\/#website\"},\"primaryImageOfPage\":{\"@id\":\"https:\/\/preview-grande.x-tra.it\/prodotto\/bracciale-gioielli-dop-brdop001\/#primaryimage\"},\"image\":{\"@id\":\"https:\/\/preview-grande.x-tra.it\/prodotto\/bracciale-gioielli-dop-brdop001\/#primaryimage\"},\"thumbnailUrl\":\"https:\/\/preview-grande.x-tra.it\/wp-content\/uploads\/2025\/12\/d8ade502-d92f-4b84-92fd-33e074ca0245.jpg\",\"datePublished\":\"2025-12-12T08:42:59+00:00\",\"dateModified\":\"2025-12-12T08:43:08+00:00\",\"breadcrumb\":{\"@id\":\"https:\/\/preview-grande.x-tra.it\/prodotto\/bracciale-gioielli-dop-brdop001\/#breadcrumb\"},\"inLanguage\":\"en-US\",\"potentialAction\":[{\"@type\":\"ReadAction\",\"target\":[\"https:\/\/preview-grande.x-tra.it\/prodotto\/bracciale-gioielli-dop-brdop001\/\"]}]},{\"@type\":\"ImageObject\",\"inLanguage\":\"en-US\",\"@id\":\"https:\/\/preview-grande.x-tra.it\/prodotto\/bracciale-gioielli-dop-brdop001\/#primaryimage\",\"url\":\"https:\/\/preview-grande.x-tra.it\/wp-content\/uploads\/2025\/12\/d8ade502-d92f-4b84-92fd-33e074ca0245.jpg\",\"contentUrl\":\"https:\/\/preview-grande.x-tra.it\/wp-content\/uploads\/2025\/12\/d8ade502-d92f-4b84-92fd-33e074ca0245.jpg\",\"width\":770,\"height\":433,\"caption\":\"d8ade502-d92f-4b84-92fd-33e074ca0245.jpg\"},{\"@type\":\"BreadcrumbList\",\"@id\":\"https:\/\/preview-grande.x-tra.it\/prodotto\/bracciale-gioielli-dop-brdop001\/#breadcrumb\",\"itemListElement\":[{\"@type\":\"ListItem\",\"position\":1,\"name\":\"Home\",\"item\":\"https:\/\/preview-grande.x-tra.it\/\"},{\"@type\":\"ListItem\",\"position\":2,\"name\":\"Shop\",\"item\":\"https:\/\/preview-grande.x-tra.it\/negozio\/\"},{\"@type\":\"ListItem\",\"position\":3,\"name\":\"BASE BRACCIALE IN COTONE CERATO ROSSO E ARGENTO 925\"}]},{\"@type\":\"WebSite\",\"@id\":\"https:\/\/preview-grande.x-tra.it\/#website\",\"url\":\"https:\/\/preview-grande.x-tra.it\/\",\"name\":\"Gioielleria Grande\",\"description\":\"\",\"potentialAction\":[{\"@type\":\"SearchAction\",\"target\":{\"@type\":\"EntryPoint\",\"urlTemplate\":\"https:\/\/preview-grande.x-tra.it\/?s={search_term_string}\"},\"query-input\":{\"@type\":\"PropertyValueSpecification\",\"valueRequired\":true,\"valueName\":\"search_term_string\"}}],\"inLanguage\":\"en-US\"}]}<\/script>\n<!-- \/ Yoast SEO plugin. -->","yoast_head_json":{"title":"BASE BRACCIALE IN COTONE CERATO ROSSO E ARGENTO 925 - Gioielleria Grande","robots":{"index":"noindex","follow":"follow","max-snippet":"max-snippet:-1","max-image-preview":"max-image-preview:large","max-video-preview":"max-video-preview:-1"},"og_locale":"en_US","og_type":"article","og_title":"BASE BRACCIALE IN COTONE CERATO ROSSO E ARGENTO 925 - Gioielleria Grande","og_description":"LA BASE BRACCIALE IN COTONE CERATO ROSSO RICHIAMA L\u2019AMORE, LA PASSIONE, I SENTIMENTI FORTI E I GUSTI DECISI. IL COLORE ROSSO \u00c8 PERFETTO PER CHI AMA FARSI NOTARE. SI ASSOCIA A VITALIT\u00c0 E AMBIZIONE, FIDUCIA IN S\u00c9 STESSI E CORAGGIO. ABBINALO AI CIONDOLI IN SOLO ARGENTO PER FARNE RISALTARE LA LUCENTEZZA OPPURE AI COLORI VIVACI DEGLI SMALTI. AGGIUNGI I CHARMS CHE PREFERISCI E COMPONI IL TUO BRACCIALE UNICO ED ESCLUSIVO. GIOIELLI DOP \u00c8 AUTENTICA ESPRESSIONE DELLA CREATIVIT\u00c0 E DEL SAPER FARE ITALIANO. TUTTI I GIOIELLI SONO 100% MADE IN ITALY, REALIZZATI A MANO SECONDO TRADIZIONE ARTIGIANALE DA MAESTRI ORAFI TOSCANI.","og_url":"https:\/\/preview-grande.x-tra.it\/prodotto\/bracciale-gioielli-dop-brdop001\/","og_site_name":"Gioielleria Grande","article_modified_time":"2025-12-12T08:43:08+00:00","og_image":[{"width":770,"height":433,"url":"https:\/\/preview-grande.x-tra.it\/wp-content\/uploads\/2025\/12\/d8ade502-d92f-4b84-92fd-33e074ca0245.jpg","type":"image\/jpeg"}],"twitter_card":"summary_large_image","schema":{"@context":"https:\/\/schema.org","@graph":[{"@type":"WebPage","@id":"https:\/\/preview-grande.x-tra.it\/prodotto\/bracciale-gioielli-dop-brdop001\/","url":"https:\/\/preview-grande.x-tra.it\/prodotto\/bracciale-gioielli-dop-brdop001\/","name":"BASE BRACCIALE IN COTONE CERATO ROSSO E ARGENTO 925 - Gioielleria Grande","isPartOf":{"@id":"https:\/\/preview-grande.x-tra.it\/#website"},"primaryImageOfPage":{"@id":"https:\/\/preview-grande.x-tra.it\/prodotto\/bracciale-gioielli-dop-brdop001\/#primaryimage"},"image":{"@id":"https:\/\/preview-grande.x-tra.it\/prodotto\/bracciale-gioielli-dop-brdop001\/#primaryimage"},"thumbnailUrl":"https:\/\/preview-grande.x-tra.it\/wp-content\/uploads\/2025\/12\/d8ade502-d92f-4b84-92fd-33e074ca0245.jpg","datePublished":"2025-12-12T08:42:59+00:00","dateModified":"2025-12-12T08:43:08+00:00","breadcrumb":{"@id":"https:\/\/preview-grande.x-tra.it\/prodotto\/bracciale-gioielli-dop-brdop001\/#breadcrumb"},"inLanguage":"en-US","potentialAction":[{"@type":"ReadAction","target":["https:\/\/preview-grande.x-tra.it\/prodotto\/bracciale-gioielli-dop-brdop001\/"]}]},{"@type":"ImageObject","inLanguage":"en-US","@id":"https:\/\/preview-grande.x-tra.it\/prodotto\/bracciale-gioielli-dop-brdop001\/#primaryimage","url":"https:\/\/preview-grande.x-tra.it\/wp-content\/uploads\/2025\/12\/d8ade502-d92f-4b84-92fd-33e074ca0245.jpg","contentUrl":"https:\/\/preview-grande.x-tra.it\/wp-content\/uploads\/2025\/12\/d8ade502-d92f-4b84-92fd-33e074ca0245.jpg","width":770,"height":433,"caption":"d8ade502-d92f-4b84-92fd-33e074ca0245.jpg"},{"@type":"BreadcrumbList","@id":"https:\/\/preview-grande.x-tra.it\/prodotto\/bracciale-gioielli-dop-brdop001\/#breadcrumb","itemListElement":[{"@type":"ListItem","position":1,"name":"Home","item":"https:\/\/preview-grande.x-tra.it\/"},{"@type":"ListItem","position":2,"name":"Shop","item":"https:\/\/preview-grande.x-tra.it\/negozio\/"},{"@type":"ListItem","position":3,"name":"BASE BRACCIALE IN COTONE CERATO ROSSO E ARGENTO 925"}]},{"@type":"WebSite","@id":"https:\/\/preview-grande.x-tra.it\/#website","url":"https:\/\/preview-grande.x-tra.it\/","name":"Gioielleria Grande","description":"","potentialAction":[{"@type":"SearchAction","target":{"@type":"EntryPoint","urlTemplate":"https:\/\/preview-grande.x-tra.it\/?s={search_term_string}"},"query-input":{"@type":"PropertyValueSpecification","valueRequired":true,"valueName":"search_term_string"}}],"inLanguage":"en-US"}]}},"_links":{"self":[{"href":"https:\/\/preview-grande.x-tra.it\/en\/wp-json\/wp\/v2\/product\/832590","targetHints":{"allow":["GET"]}}],"collection":[{"href":"https:\/\/preview-grande.x-tra.it\/en\/wp-json\/wp\/v2\/product"}],"about":[{"href":"https:\/\/preview-grande.x-tra.it\/en\/wp-json\/wp\/v2\/types\/product"}],"replies":[{"embeddable":true,"href":"https:\/\/preview-grande.x-tra.it\/en\/wp-json\/wp\/v2\/comments?post=832590"}],"wp:featuredmedia":[{"embeddable":true,"href":"https:\/\/preview-grande.x-tra.it\/en\/wp-json\/wp\/v2\/media\/832589"}],"wp:attachment":[{"href":"https:\/\/preview-grande.x-tra.it\/en\/wp-json\/wp\/v2\/media?parent=832590"}],"wp:term":[{"taxonomy":"product_brand","embeddable":true,"href":"https:\/\/preview-grande.x-tra.it\/en\/wp-json\/wp\/v2\/product_brand?post=832590"},{"taxonomy":"product_cat","embeddable":true,"href":"https:\/\/preview-grande.x-tra.it\/en\/wp-json\/wp\/v2\/product_cat?post=832590"},{"taxonomy":"product_tag","embeddable":true,"href":"https:\/\/preview-grande.x-tra.it\/en\/wp-json\/wp\/v2\/product_tag?post=832590"}],"curies":[{"name":"wp","href":"https:\/\/api.w.org\/{rel}","templated":true}]}}